{"id":63,"date":"2020-08-27T16:53:48","date_gmt":"2020-08-27T19:53:48","guid":{"rendered":"http:\/\/www.pconstrutora.com.br\/blog\/?page_id=63"},"modified":"2022-02-04T15:32:34","modified_gmt":"2022-02-04T18:32:34","slug":"home","status":"publish","type":"page","link":"https:\/\/www.pconstrutora.com.br\/blog\/","title":{"rendered":"Home"},"content":{"rendered":"","protected":false},"excerpt":{"rendered":"","protected":false},"author":1,"featured_media":0,"parent":0,"menu_order":0,"comment_status":"closed","ping_status":"closed","template":"","meta":{"footnotes":""},"class_list":["post-63","page","type-page","status-publish","hentry"],"yoast_head":"<!-- This site is optimized with the Yoast SEO plugin v25.6 - https:\/\/yoast.com\/wordpress\/plugins\/seo\/ -->\n<title>Blog Pedreschi - Ribeir\u00e3o Preto - Confira dicas sobre im\u00f3veis.<\/title>\n<meta name=\"description\" content=\"Somos uma construtora em ribeir\u00e3o preto especializada em im\u00f3veis, aprenda como analisar e saber como adquirir seu empreendimento.\" \/>\n<meta name=\"robots\" content=\"index, follow, max-snippet:-1, max-image-preview:large, max-video-preview:-1\" \/>\n<link rel=\"canonical\" href=\"https:\/\/www.pconstrutora.com.br\/blog\/\" \/>\n<meta property=\"og:locale\" content=\"pt_BR\" \/>\n<meta property=\"og:type\" content=\"article\" \/>\n<meta property=\"og:title\" content=\"Blog Pedreschi - Ribeir\u00e3o Preto - Confira dicas sobre im\u00f3veis.\" \/>\n<meta property=\"og:description\" content=\"Somos uma construtora em ribeir\u00e3o preto especializada em im\u00f3veis, aprenda como analisar e saber como adquirir seu empreendimento.\" \/>\n<meta property=\"og:url\" content=\"https:\/\/www.pconstrutora.com.br\/blog\/\" \/>\n<meta property=\"og:site_name\" content=\"Pedreschi - Blog\" \/>\n<meta property=\"article:modified_time\" content=\"2022-02-04T18:32:34+00:00\" \/>\n<meta name=\"twitter:card\" content=\"summary_large_image\" \/>\n<script type=\"application\/ld+json\" class=\"yoast-schema-graph\">{\"@context\":\"https:\/\/schema.org\",\"@graph\":[{\"@type\":\"WebPage\",\"@id\":\"https:\/\/www.pconstrutora.com.br\/blog\/\",\"url\":\"https:\/\/www.pconstrutora.com.br\/blog\/\",\"name\":\"Blog Pedreschi - Ribeir\u00e3o Preto - Confira dicas sobre im\u00f3veis.\",\"isPartOf\":{\"@id\":\"https:\/\/www.pconstrutora.com.br\/blog\/#website\"},\"datePublished\":\"2020-08-27T19:53:48+00:00\",\"dateModified\":\"2022-02-04T18:32:34+00:00\",\"description\":\"Somos uma construtora em ribeir\u00e3o preto especializada em im\u00f3veis, aprenda como analisar e saber como adquirir seu empreendimento.\",\"breadcrumb\":{\"@id\":\"https:\/\/www.pconstrutora.com.br\/blog\/#breadcrumb\"},\"inLanguage\":\"pt-BR\",\"potentialAction\":[{\"@type\":\"ReadAction\",\"target\":[\"https:\/\/www.pconstrutora.com.br\/blog\/\"]}]},{\"@type\":\"BreadcrumbList\",\"@id\":\"https:\/\/www.pconstrutora.com.br\/blog\/#breadcrumb\",\"itemListElement\":[{\"@type\":\"ListItem\",\"position\":1,\"name\":\"In\u00edcio\",\"item\":\"https:\/\/www.pconstrutora.com.br\/blog\/\"},{\"@type\":\"ListItem\",\"position\":2,\"name\":\"Home\"}]},{\"@type\":\"WebSite\",\"@id\":\"https:\/\/www.pconstrutora.com.br\/blog\/#website\",\"url\":\"https:\/\/www.pconstrutora.com.br\/blog\/\",\"name\":\"Pedreschi - Blog\",\"description\":\"S\u00f3 mais um site WordPress\",\"potentialAction\":[{\"@type\":\"SearchAction\",\"target\":{\"@type\":\"EntryPoint\",\"urlTemplate\":\"https:\/\/www.pconstrutora.com.br\/blog\/?s={search_term_string}\"},\"query-input\":{\"@type\":\"PropertyValueSpecification\",\"valueRequired\":true,\"valueName\":\"search_term_string\"}}],\"inLanguage\":\"pt-BR\"}]}<\/script>\n<!-- \/ Yoast SEO plugin. -->","yoast_head_json":{"title":"Blog Pedreschi - Ribeir\u00e3o Preto - Confira dicas sobre im\u00f3veis.","description":"Somos uma construtora em ribeir\u00e3o preto especializada em im\u00f3veis, aprenda como analisar e saber como adquirir seu empreendimento.","robots":{"index":"index","follow":"follow","max-snippet":"max-snippet:-1","max-image-preview":"max-image-preview:large","max-video-preview":"max-video-preview:-1"},"canonical":"https:\/\/www.pconstrutora.com.br\/blog\/","og_locale":"pt_BR","og_type":"article","og_title":"Blog Pedreschi - Ribeir\u00e3o Preto - Confira dicas sobre im\u00f3veis.","og_description":"Somos uma construtora em ribeir\u00e3o preto especializada em im\u00f3veis, aprenda como analisar e saber como adquirir seu empreendimento.","og_url":"https:\/\/www.pconstrutora.com.br\/blog\/","og_site_name":"Pedreschi - Blog","article_modified_time":"2022-02-04T18:32:34+00:00","twitter_card":"summary_large_image","schema":{"@context":"https:\/\/schema.org","@graph":[{"@type":"WebPage","@id":"https:\/\/www.pconstrutora.com.br\/blog\/","url":"https:\/\/www.pconstrutora.com.br\/blog\/","name":"Blog Pedreschi - Ribeir\u00e3o Preto - Confira dicas sobre im\u00f3veis.","isPartOf":{"@id":"https:\/\/www.pconstrutora.com.br\/blog\/#website"},"datePublished":"2020-08-27T19:53:48+00:00","dateModified":"2022-02-04T18:32:34+00:00","description":"Somos uma construtora em ribeir\u00e3o preto especializada em im\u00f3veis, aprenda como analisar e saber como adquirir seu empreendimento.","breadcrumb":{"@id":"https:\/\/www.pconstrutora.com.br\/blog\/#breadcrumb"},"inLanguage":"pt-BR","potentialAction":[{"@type":"ReadAction","target":["https:\/\/www.pconstrutora.com.br\/blog\/"]}]},{"@type":"BreadcrumbList","@id":"https:\/\/www.pconstrutora.com.br\/blog\/#breadcrumb","itemListElement":[{"@type":"ListItem","position":1,"name":"In\u00edcio","item":"https:\/\/www.pconstrutora.com.br\/blog\/"},{"@type":"ListItem","position":2,"name":"Home"}]},{"@type":"WebSite","@id":"https:\/\/www.pconstrutora.com.br\/blog\/#website","url":"https:\/\/www.pconstrutora.com.br\/blog\/","name":"Pedreschi - Blog","description":"S\u00f3 mais um site WordPress","potentialAction":[{"@type":"SearchAction","target":{"@type":"EntryPoint","urlTemplate":"https:\/\/www.pconstrutora.com.br\/blog\/?s={search_term_string}"},"query-input":{"@type":"PropertyValueSpecification","valueRequired":true,"valueName":"search_term_string"}}],"inLanguage":"pt-BR"}]}},"_links":{"self":[{"href":"https:\/\/www.pconstrutora.com.br\/blog\/wp-json\/wp\/v2\/pages\/63"}],"collection":[{"href":"https:\/\/www.pconstrutora.com.br\/blog\/wp-json\/wp\/v2\/pages"}],"about":[{"href":"https:\/\/www.pconstrutora.com.br\/blog\/wp-json\/wp\/v2\/types\/page"}],"author":[{"embeddable":true,"href":"https:\/\/www.pconstrutora.com.br\/blog\/wp-json\/wp\/v2\/users\/1"}],"replies":[{"embeddable":true,"href":"https:\/\/www.pconstrutora.com.br\/blog\/wp-json\/wp\/v2\/comments?post=63"}],"version-history":[{"count":3,"href":"https:\/\/www.pconstrutora.com.br\/blog\/wp-json\/wp\/v2\/pages\/63\/revisions"}],"predecessor-version":[{"id":252,"href":"https:\/\/www.pconstrutora.com.br\/blog\/wp-json\/wp\/v2\/pages\/63\/revisions\/252"}],"wp:attachment":[{"href":"https:\/\/www.pconstrutora.com.br\/blog\/wp-json\/wp\/v2\/media?parent=63"}],"curies":[{"name":"wp","href":"https:\/\/api.w.org\/{rel}","templated":true}]}}